{"id":2,"date":"2023-02-21T10:29:49","date_gmt":"2023-02-21T10:29:49","guid":{"rendered":"https:\/\/grafomotorika.kras.hr\/zivotinjsko-carstvo\/?page_id=2"},"modified":"2023-06-13T12:34:39","modified_gmt":"2023-06-13T12:34:39","slug":"sample-page","status":"publish","type":"page","link":"https:\/\/grafomotorika.kras.hr\/zivotinjsko-carstvo\/","title":{"rendered":"Bojanka"},"content":{"rendered":"","protected":false},"excerpt":{"rendered":"","protected":false},"author":1,"featured_media":0,"parent":0,"menu_order":0,"comment_status":"closed","ping_status":"closed","template":"bojanka-hr.php","meta":[],"yoast_head":"<!-- This site is optimized with the Yoast SEO plugin v15.2.1 - https:\/\/yoast.com\/wordpress\/plugins\/seo\/ -->\n<meta name=\"description\" content=\"Predstavljamo ti personaliziranu grafomotori\u010dku vje\u017ebenicu i bojanku kreiranu ba\u0161 za tvoje dijete! Personaliziraj je besplatno i neka se tvoje dijete zabavi uz pri\u010du, vje\u017ebe i bojanku. Sti\u017ee odmah na tvoj e-mail.\" \/>\n<meta name=\"robots\" content=\"noindex, follow, max-snippet:-1, max-image-preview:large, max-video-preview:-1\" \/>\n<meta property=\"og:locale\" content=\"en_US\" \/>\n<meta property=\"og:type\" content=\"article\" \/>\n<meta property=\"og:title\" content=\"Personalizirana grafomotori\u010dka vje\u017ebenica i bojanka I \u017divotinjsko carstvo\" \/>\n<meta property=\"og:description\" content=\"Predstavljamo ti personaliziranu grafomotori\u010dku vje\u017ebenicu i bojanku kreiranu ba\u0161 za tvoje dijete! Personaliziraj je besplatno i neka se tvoje dijete zabavi uz pri\u010du, vje\u017ebe i bojanku. Sti\u017ee odmah na tvoj e-mail.\" \/>\n<meta property=\"og:url\" content=\"https:\/\/grafomotorika.kras.hr\/zivotinjsko-carstvo\/\" \/>\n<meta property=\"og:site_name\" content=\"Personalizirana grafomotori\u010dka vje\u017ebenica i bojanka I \u017divotinjsko carstvo\" \/>\n<meta property=\"article:modified_time\" content=\"2023-06-13T12:34:39+00:00\" \/>\n<meta property=\"og:image\" content=\"https:\/\/grafomotorika.kras.hr\/zivotinjsko-carstvo\/wp-content\/uploads\/2023\/06\/16747088-2ca6-482e-acfe-a7543c7d88f9.jpg\" \/>\n\t<meta property=\"og:image:width\" content=\"1200\" \/>\n\t<meta property=\"og:image:height\" content=\"628\" \/>\n<meta name=\"twitter:card\" content=\"summary_large_image\" \/>\n<meta name=\"twitter:label1\" content=\"Written by\">\n\t<meta name=\"twitter:data1\" content=\"myzone\">\n<script type=\"application\/ld+json\" class=\"yoast-schema-graph\">{\"@context\":\"https:\/\/schema.org\",\"@graph\":[{\"@type\":\"WebSite\",\"@id\":\"https:\/\/grafomotorika.kras.hr\/zivotinjsko-carstvo\/#website\",\"url\":\"https:\/\/grafomotorika.kras.hr\/zivotinjsko-carstvo\/\",\"name\":\"Personalizirana grafomotori\\u010dka vje\\u017ebenica i bojanka I \\u017divotinjsko carstvo\",\"description\":\"\\u017divotinjsko carstvo\",\"potentialAction\":[{\"@type\":\"SearchAction\",\"target\":\"https:\/\/grafomotorika.kras.hr\/zivotinjsko-carstvo\/?s={search_term_string}\",\"query-input\":\"required name=search_term_string\"}],\"inLanguage\":\"en-US\"},{\"@type\":\"WebPage\",\"@id\":\"https:\/\/grafomotorika.kras.hr\/zivotinjsko-carstvo\/#webpage\",\"url\":\"https:\/\/grafomotorika.kras.hr\/zivotinjsko-carstvo\/\",\"name\":\"Personalizirana grafomotori\\u010dka vje\\u017ebenica i bojanka I \\u017divotinjsko carstvo\",\"isPartOf\":{\"@id\":\"https:\/\/grafomotorika.kras.hr\/zivotinjsko-carstvo\/#website\"},\"datePublished\":\"2023-02-21T10:29:49+00:00\",\"dateModified\":\"2023-06-13T12:34:39+00:00\",\"description\":\"Predstavljamo ti personaliziranu grafomotori\\u010dku vje\\u017ebenicu i bojanku kreiranu ba\\u0161 za tvoje dijete! Personaliziraj je besplatno i neka se tvoje dijete zabavi uz pri\\u010du, vje\\u017ebe i bojanku. Sti\\u017ee odmah na tvoj e-mail.\",\"inLanguage\":\"en-US\",\"potentialAction\":[{\"@type\":\"ReadAction\",\"target\":[\"https:\/\/grafomotorika.kras.hr\/zivotinjsko-carstvo\/\"]}]}]}<\/script>\n<!-- \/ Yoast SEO plugin. -->","_links":{"self":[{"href":"https:\/\/grafomotorika.kras.hr\/zivotinjsko-carstvo\/wp-json\/wp\/v2\/pages\/2"}],"collection":[{"href":"https:\/\/grafomotorika.kras.hr\/zivotinjsko-carstvo\/wp-json\/wp\/v2\/pages"}],"about":[{"href":"https:\/\/grafomotorika.kras.hr\/zivotinjsko-carstvo\/wp-json\/wp\/v2\/types\/page"}],"author":[{"embeddable":true,"href":"https:\/\/grafomotorika.kras.hr\/zivotinjsko-carstvo\/wp-json\/wp\/v2\/users\/1"}],"replies":[{"embeddable":true,"href":"https:\/\/grafomotorika.kras.hr\/zivotinjsko-carstvo\/wp-json\/wp\/v2\/comments?post=2"}],"version-history":[{"count":4,"href":"https:\/\/grafomotorika.kras.hr\/zivotinjsko-carstvo\/wp-json\/wp\/v2\/pages\/2\/revisions"}],"predecessor-version":[{"id":553,"href":"https:\/\/grafomotorika.kras.hr\/zivotinjsko-carstvo\/wp-json\/wp\/v2\/pages\/2\/revisions\/553"}],"wp:attachment":[{"href":"https:\/\/grafomotorika.kras.hr\/zivotinjsko-carstvo\/wp-json\/wp\/v2\/media?parent=2"}],"curies":[{"name":"wp","href":"https:\/\/api.w.org\/{rel}","templated":true}]}}